{"id":5445,"date":"2026-03-30T13:08:57","date_gmt":"2026-03-30T10:08:57","guid":{"rendered":"https:\/\/www.nilisisdesign.com\/deneme2\/?page_id=5445"},"modified":"2026-03-30T13:24:54","modified_gmt":"2026-03-30T10:24:54","slug":"katalog","status":"publish","type":"page","link":"https:\/\/www.nilisisdesign.com\/deneme2\/katalog\/","title":{"rendered":"Katalog"},"content":{"rendered":"\t\t<div data-elementor-type=\"wp-page\" data-elementor-id=\"5445\" class=\"elementor elementor-5445\">\n\t\t\t\t<div class=\"elementor-element elementor-element-4afefb3 e-grid e-con-boxed e-con e-parent\" data-id=\"4afefb3\" data-element_type=\"container\" data-e-type=\"container\">\n\t\t\t\t\t<div class=\"e-con-inner\">\n\t\t\t\t<div class=\"elementor-element elementor-element-febd0c4 elementor-widget elementor-widget-image\" data-id=\"febd0c4\" data-element_type=\"widget\" data-e-type=\"widget\" data-widget_type=\"image.default\">\n\t\t\t\t\t\t\t\t\t\t\t\t\t\t\t<img fetchpriority=\"high\" decoding=\"async\" width=\"740\" height=\"1012\" src=\"https:\/\/www.nilisisdesign.com\/deneme2\/wp-content\/uploads\/2026\/03\/WhatsApp-Image-2026-03-30-at-13.15.41-749x1024.jpeg\" class=\"attachment-large size-large wp-image-5449\" alt=\"\" srcset=\"https:\/\/www.nilisisdesign.com\/deneme2\/wp-content\/uploads\/2026\/03\/WhatsApp-Image-2026-03-30-at-13.15.41-749x1024.jpeg 749w, https:\/\/www.nilisisdesign.com\/deneme2\/wp-content\/uploads\/2026\/03\/WhatsApp-Image-2026-03-30-at-13.15.41-219x300.jpeg 219w, https:\/\/www.nilisisdesign.com\/deneme2\/wp-content\/uploads\/2026\/03\/WhatsApp-Image-2026-03-30-at-13.15.41-768x1050.jpeg 768w, https:\/\/www.nilisisdesign.com\/deneme2\/wp-content\/uploads\/2026\/03\/WhatsApp-Image-2026-03-30-at-13.15.41-1123x1536.jpeg 1123w, https:\/\/www.nilisisdesign.com\/deneme2\/wp-content\/uploads\/2026\/03\/WhatsApp-Image-2026-03-30-at-13.15.41-600x821.jpeg 600w, https:\/\/www.nilisisdesign.com\/deneme2\/wp-content\/uploads\/2026\/03\/WhatsApp-Image-2026-03-30-at-13.15.41.jpeg 1170w\" sizes=\"(max-width: 740px) 100vw, 740px\" \/>\t\t\t\t\t\t\t\t\t\t\t\t\t\t\t<\/div>\n\t\t\t\t\t<\/div>\n\t\t\t\t<\/div>\n\t\t<div class=\"elementor-element elementor-element-7bf19305 e-flex e-con-boxed e-con e-parent\" data-id=\"7bf19305\" data-element_type=\"container\" data-e-type=\"container\">\n\t\t\t\t\t<div class=\"e-con-inner\">\n\t\t\t\t<div class=\"elementor-element elementor-element-2f4e9797 elementor-widget elementor-widget-text-editor\" data-id=\"2f4e9797\" data-element_type=\"widget\" data-e-type=\"widget\" data-widget_type=\"text-editor.default\">\n\t\t\t\t\t\t\t\t\t\n<p>PROKAP MAK\u0130NE Enerji, Savunma, Havac\u0131l\u0131k, gibi sanayi sekt\u00f6rlerine par\u00e7a imalat\u0131 ve koruyucu kaplama konusunda hizmet vermektedir.<\/p>\n\n\n\n<p>Korozyon, erezyon, termal \u015fok, oksitlenme, Termal bariyer&#8230; gibi a\u015f\u0131nd\u0131r\u0131c\u0131 ortamlara maruz kalan, bozulan, k\u0131r\u0131lan her boyut ve \u015fekildeki par\u00e7alar, termal kaplama y\u00f6ntemleri kullan\u0131larak (HVOF, Plazma P\u00fcsk\u00fcrtme, seramik kaplama, metalik kaplama) kaplanmaktad\u0131r. B\u00f6ylece orjinal par\u00e7an\u0131n \u00f6zellikleri korunup, daha \u00fcst\u00fcn \u00f6zelliklere sahip porozitesiz, y\u00fcksek yo\u011funlukta, a\u015f\u0131nmaya kar\u015f\u0131 diren\u00e7li, \u00e7ok d\u00fc\u015f\u00fck y\u00fczey p\u00fcr\u00fczl\u00fcl\u00fc\u011f\u00fcne sahip par\u00e7alar \u00fcretilir. Ayr\u0131ca a\u015f\u0131nma ve \u0131s\u0131 etkisiyle b\u00f6lgesel olarak deforme olmu\u015f alanlar\u0131n tamirat\u0131nda da bu y\u00f6ntemler kullan\u0131lmaktad\u0131r. Kesme ve i\u015fleme operasyonlar\u0131 ise CNC tornalarda ve d\u00f6rt eksen CNC Freze tezgahlar\u0131nda ger\u00e7ekle\u015ftirilmektedir. Bu modern teknolojinin insan kabiliyeti ile birle\u015fmesi sonucunda olduk\u00e7a d\u00fc\u015f\u00fck toleransl\u0131 sonu\u00e7lar elde edilmektedir.<\/p>\n\n\n\n<p>Prokap; m\u00fc\u015fterilerinin sorunlar\u0131n\u0131 en aza indirip ekonomik fayda sa\u011flamak amac\u0131yla,<\/p>\n\n\n\n<p>&nbsp;&nbsp;&nbsp;&nbsp;&nbsp;&nbsp;&nbsp;&nbsp;&nbsp;&nbsp;&nbsp; -kapasite art\u0131\u015f\u0131 ile verimli \u00fcretim<\/p>\n\n\n\n<p>&nbsp;&nbsp;&nbsp;&nbsp;&nbsp;&nbsp;&nbsp;&nbsp;&nbsp;&nbsp;&nbsp; -stok maliyetlerinin azalt\u0131lmas\u0131<\/p>\n\n\n\n<p>&nbsp;&nbsp;&nbsp;&nbsp;&nbsp;&nbsp;&nbsp;&nbsp;&nbsp;&nbsp;&nbsp; -Uniform \u00fcr\u00fcn kalitesi<\/p>\n\n\n\n<p>&nbsp;&nbsp;&nbsp;&nbsp;&nbsp;&nbsp;&nbsp;&nbsp;&nbsp;&nbsp;&nbsp; -artan \u00fcretim h\u0131z\u0131 &#8230;gibi g\u00fcn\u00fcm\u00fcz piyasas\u0131nda rekabet edebilme alternatifini kazand\u0131rabilecek \u00e7\u00f6z\u00fcmler sunar.<\/p>\n\n\n\n<p>Kurulu\u015fundan g\u00fcn\u00fcm\u00fcze kadar kaplama alan\u0131ndaki faaliyetlerini ba\u015fari ile s\u00fcrd\u00fcren PROKAP bu alandaki yenilikleri ve geli\u015fmeleri yak\u0131ndan takip ederek, bunlar\u0131 firma b\u00fcnyesinde hayata ge\u00e7irmi\u015f ve s\u00fcrekli geli\u015fmeyi hedef alm\u0131\u015ft\u0131r. PROKAP m\u00fc\u015fterilerine sundu\u011fu \u00fcr\u00fcnler ve ilgili s\u00fcre\u00e7lerin s\u00fcrekli ve sistematik olarak iyile\u015ftirmesini de hedefler. Verimlili\u011fin art\u0131r\u0131lmas\u0131, hedefe ula\u015fabilme yetene\u011finin ve toplam performans\u0131n s\u00fcrekli iyile\u015ftirilmesi ilgili personelin kat\u0131l\u0131m\u0131 ve katk\u0131lar\u0131yla tak\u0131m \u00e7al\u0131\u015fmas\u0131 ortam\u0131nda sa\u011flan\u0131r. PROKAP\u2019&nbsp; m\u00fc\u015fterilerin geli\u015fen teknolojiye paralel olarak de\u011fi\u015fen taleplerini saptamak ve kar\u015f\u0131lamak hatta m\u00fc\u015fteri taleplerinin de \u00f6tesine ge\u00e7erek ko\u015fulsuz m\u00fc\u015fteri memnuniyeti sa\u011flanmas\u0131 hedeflenir. Bu hedefinin bir par\u00e7as\u0131 olarak ISO9001:2015 KYS AS 9100; ISO 14001; ISO 45001; Belgelerine sahip bir firmad\u0131r.<\/p>\n\n\n\n<p>M\u00fc\u015fterilerine iyi e\u011fitimli ve geni\u015f bilgiye sahip ekibiyle 30 y\u0131l\u0131 a\u015fk\u0131n bir s\u00fcreden beri, imalatlar\u0131 ve bilgisiyle hizmet eden PROKAP, varm\u0131\u015f oldu\u011fu bu konumu gelecekte de muhafaza edebilmek ve daha da geli\u015febilmek ve ilerlemek amac\u0131yla her zaman geli\u015fen teknolojinin yak\u0131n takip\u00e7isi olmay\u0131 politika olarak benimsemi\u015ftir. Bu nedenle <strong>PROKAP<\/strong>; m\u00fc\u015fterileri i\u00e7in, <strong>uygun fiyat<\/strong>, <strong>iyi hizmet<\/strong>, <strong>kesin ve k\u0131sa teslimat zamanlar\u0131<\/strong>, <strong>emniyetli ambalaj<\/strong> ve her \u015feyden \u00f6nemlisi <strong>y\u00fcksek kalite<\/strong> gibi e\u015f bir anlam ifade etmektedir.<\/p>\n\t\t\t\t\t\t\t\t<\/div>\n\t\t\t\t\t<\/div>\n\t\t\t\t<\/div>\n\t\t\t\t<\/div>\n\t\t","protected":false},"excerpt":{"rendered":"<p>PROKAP MAK\u0130NE Enerji, Savunma, Havac\u0131l\u0131k, gibi sanayi sekt\u00f6rlerine par\u00e7a imalat\u0131 ve koruyucu kaplama konusunda hizmet vermektedir. Korozyon, erezyon, termal \u015fok, oksitlenme, Termal bariyer&#8230; gibi a\u015f\u0131nd\u0131r\u0131c\u0131 ortamlara maruz kalan, bozulan, k\u0131r\u0131lan her boyut ve \u015fekildeki par\u00e7alar, termal kaplama y\u00f6ntemleri kullan\u0131larak (HVOF, Plazma P\u00fcsk\u00fcrtme, seramik kaplama, metalik kaplama) kaplanmaktad\u0131r. B\u00f6ylece orjinal par\u00e7an\u0131n \u00f6zellikleri korunup, daha \u00fcst\u00fcn \u00f6zelliklere<\/p>\n","protected":false},"author":1,"featured_media":0,"parent":0,"menu_order":0,"comment_status":"closed","ping_status":"closed","template":"","meta":{"_joinchat":[],"footnotes":""},"class_list":["post-5445","page","type-page","status-publish","hentry"],"_links":{"self":[{"href":"https:\/\/www.nilisisdesign.com\/deneme2\/wp-json\/wp\/v2\/pages\/5445","targetHints":{"allow":["GET"]}}],"collection":[{"href":"https:\/\/www.nilisisdesign.com\/deneme2\/wp-json\/wp\/v2\/pages"}],"about":[{"href":"https:\/\/www.nilisisdesign.com\/deneme2\/wp-json\/wp\/v2\/types\/page"}],"author":[{"embeddable":true,"href":"https:\/\/www.nilisisdesign.com\/deneme2\/wp-json\/wp\/v2\/users\/1"}],"replies":[{"embeddable":true,"href":"https:\/\/www.nilisisdesign.com\/deneme2\/wp-json\/wp\/v2\/comments?post=5445"}],"version-history":[{"count":5,"href":"https:\/\/www.nilisisdesign.com\/deneme2\/wp-json\/wp\/v2\/pages\/5445\/revisions"}],"predecessor-version":[{"id":5452,"href":"https:\/\/www.nilisisdesign.com\/deneme2\/wp-json\/wp\/v2\/pages\/5445\/revisions\/5452"}],"wp:attachment":[{"href":"https:\/\/www.nilisisdesign.com\/deneme2\/wp-json\/wp\/v2\/media?parent=5445"}],"curies":[{"name":"wp","href":"https:\/\/api.w.org\/{rel}","templated":true}]}}